{"id":241,"date":"2025-07-12T14:12:31","date_gmt":"2025-07-12T14:12:31","guid":{"rendered":"http:\/\/charlotteledent.com\/?page_id=241"},"modified":"2025-11-02T10:08:46","modified_gmt":"2025-11-02T10:08:46","slug":"plan-dacces","status":"publish","type":"page","link":"https:\/\/charlotteledent.com\/en\/plan-dacces\/","title":{"rendered":"Directions"},"content":{"rendered":"<h1 class=\"wp-block-heading\" style=\"font-style:normal;font-weight:100;letter-spacing:1px;text-transform:uppercase\">Directions<\/h1>\n\n\n\n<h6 class=\"wp-block-heading\" style=\"font-size:clamp(14px, 0.875rem + ((1vw - 3.2px) * 0.469), 20px);\">10 Avenue Edmond An Nieuwenhuyse, Auderghem, Bat. C, 4th Floor Right<\/h6>\n\n\n\n<h6 class=\"wp-block-heading\"><strong>Intercom : 10\/19<\/strong><\/h6>\n\n\n\n<div style=\"height:30px\" aria-hidden=\"true\" class=\"wp-block-spacer\"><\/div>\n\n\n\n<div class=\"wp-block-columns is-layout-flex wp-container-core-columns-is-layout-28f84493 wp-block-columns-is-layout-flex\">\n<div class=\"wp-block-column is-layout-flow wp-block-column-is-layout-flow\">\n<h5 class=\"wp-block-heading has-text-align-left\">Public transport<\/h5>\n\n\n\n<ul class=\"wp-block-list\">\n<li>M\u00e9tro : Demey &#8211; 1 min<\/li>\n\n\n\n<li>Bus : 4&amp;, 72, 34 &#8211; 1 min<\/li>\n\n\n\n<li>Tram 8 : Herman &#8211; Debroux &#8211; 9 min<\/li>\n<\/ul>\n<\/div>\n\n\n\n<div class=\"wp-block-column is-layout-flow wp-block-column-is-layout-flow\">\n<h5 class=\"wp-block-heading\">Parking (Parking disc zone or paid)<\/h5>\n\n\n\n<ul class=\"wp-block-list\">\n<li>Under the birdge &amp; Av. E. Van Nieuwenhuyse<\/li>\n\n\n\n<li>Rue de la vignette<\/li>\n\n\n\n<li>Avenue de la Houlette &#8211; 5 min<\/li>\n\n\n\n<li>Avenue Gustave Demey &#8211; 5 min<\/li>\n\n\n\n<li>Carrefour parking lot if the barrier is open<\/li>\n<\/ul>\n<\/div>\n\n\n\n<div class=\"wp-block-column is-layout-flow wp-block-column-is-layout-flow\">\n<h5 class=\"wp-block-heading\">Bikes<\/h5>\n\n\n\n<ul class=\"wp-block-list\">\n<li>Secure bicycle parking in front of the Wood Hub building<\/li>\n<\/ul>\n<\/div>\n<\/div>\n\n\n\n<iframe src=\"https:\/\/www.google.com\/maps\/embed?pb=!1m18!1m12!1m3!1d2520.9793222439507!2d4.41575348813734!3d50.813021798600595!2m3!1f0!2f0!3f0!3m2!1i1024!2i768!4f13.1!3m3!1m2!1s0x47c3db24beeed429%3A0x45ec8872ebfcb4da!2sAv.%20Edmond%20Van%20Nieuwenhuyse%2010%2C%201160%20Auderghem%2C%20Belgique!5e0!3m2!1sfr!2sgr!4v1756018991405!5m2!1sfr!2sgr\" width=\"600\" height=\"450\" style=\"border:0;\" allowfullscreen=\"\" loading=\"lazy\" referrerpolicy=\"no-referrer-when-downgrade\"><\/iframe>","protected":false},"excerpt":{"rendered":"<p>Plan d&rsquo;acc\u00e8s Auderghem, Avenue Edmond An Nieuwenhuyse, 10, Bat C, 4\u00e9me Droite Interphone : Boite 10\/19 Transport en commun Parking (Disque ou payant) V\u00e9los<\/p>","protected":false},"author":2,"featured_media":0,"parent":0,"menu_order":0,"comment_status":"closed","ping_status":"closed","template":"","meta":{"footnotes":""},"class_list":["post-241","page","type-page","status-publish","hentry"],"blocksy_meta":{"disable_header":"no","styles_descriptor":{"styles":{"desktop":"","tablet":"","mobile":""},"google_fonts":[],"version":6},"has_hero_section":"disabled","hero_alignment1":"left","vertical_spacing_source":"inherit","content_style_source":"inherit"},"yoast_head":"<!-- This site is optimized with the Yoast SEO plugin v27.5 - https:\/\/yoast.com\/product\/yoast-seo-wordpress\/ -->\n<title>Plan d\u2019acc\u00e8s - Charlotte Ledent<\/title>\n<meta name=\"robots\" content=\"index, follow, max-snippet:-1, max-image-preview:large, max-video-preview:-1\" \/>\n<link rel=\"canonical\" href=\"https:\/\/charlotteledent.com\/en\/plan-dacces\/\" \/>\n<meta property=\"og:locale\" content=\"en_US\" \/>\n<meta property=\"og:type\" content=\"article\" \/>\n<meta property=\"og:title\" content=\"Plan d\u2019acc\u00e8s - Charlotte Ledent\" \/>\n<meta property=\"og:description\" content=\"Plan d&rsquo;acc\u00e8s Auderghem, Avenue Edmond An Nieuwenhuyse, 10, Bat C, 4\u00e9me Droite Interphone : Boite 10\/19 Transport en commun Parking (Disque ou payant) V\u00e9los\" \/>\n<meta property=\"og:url\" content=\"https:\/\/charlotteledent.com\/en\/plan-dacces\/\" \/>\n<meta property=\"og:site_name\" content=\"Charlotte Ledent\" \/>\n<meta property=\"article:modified_time\" content=\"2025-11-02T10:08:46+00:00\" \/>\n<meta name=\"twitter:card\" content=\"summary_large_image\" \/>\n<meta name=\"twitter:label1\" content=\"Est. reading time\" \/>\n\t<meta name=\"twitter:data1\" content=\"1 minute\" \/>\n<script type=\"application\/ld+json\" class=\"yoast-schema-graph\">{\"@context\":\"https:\\\/\\\/schema.org\",\"@graph\":[{\"@type\":\"WebPage\",\"@id\":\"https:\\\/\\\/charlotteledent.com\\\/plan-dacces\\\/\",\"url\":\"https:\\\/\\\/charlotteledent.com\\\/plan-dacces\\\/\",\"name\":\"Plan d\u2019acc\u00e8s - Charlotte Ledent\",\"isPartOf\":{\"@id\":\"https:\\\/\\\/charlotteledent.com\\\/#website\"},\"datePublished\":\"2025-07-12T14:12:31+00:00\",\"dateModified\":\"2025-11-02T10:08:46+00:00\",\"breadcrumb\":{\"@id\":\"https:\\\/\\\/charlotteledent.com\\\/plan-dacces\\\/#breadcrumb\"},\"inLanguage\":\"en-US\",\"potentialAction\":[{\"@type\":\"ReadAction\",\"target\":[\"https:\\\/\\\/charlotteledent.com\\\/plan-dacces\\\/\"]}]},{\"@type\":\"BreadcrumbList\",\"@id\":\"https:\\\/\\\/charlotteledent.com\\\/plan-dacces\\\/#breadcrumb\",\"itemListElement\":[{\"@type\":\"ListItem\",\"position\":1,\"name\":\"Accueil\",\"item\":\"https:\\\/\\\/charlotteledent.com\\\/\"},{\"@type\":\"ListItem\",\"position\":2,\"name\":\"Plan d\u2019acc\u00e8s\"}]},{\"@type\":\"WebSite\",\"@id\":\"https:\\\/\\\/charlotteledent.com\\\/#website\",\"url\":\"https:\\\/\\\/charlotteledent.com\\\/\",\"name\":\"Charlotte Ledent\",\"description\":\"\",\"publisher\":{\"@id\":\"https:\\\/\\\/charlotteledent.com\\\/#\\\/schema\\\/person\\\/ae7f292530fd9aa0ebb45366d2ada03a\"},\"potentialAction\":[{\"@type\":\"SearchAction\",\"target\":{\"@type\":\"EntryPoint\",\"urlTemplate\":\"https:\\\/\\\/charlotteledent.com\\\/?s={search_term_string}\"},\"query-input\":{\"@type\":\"PropertyValueSpecification\",\"valueRequired\":true,\"valueName\":\"search_term_string\"}}],\"inLanguage\":\"en-US\"},{\"@type\":[\"Person\",\"Organization\"],\"@id\":\"https:\\\/\\\/charlotteledent.com\\\/#\\\/schema\\\/person\\\/ae7f292530fd9aa0ebb45366d2ada03a\",\"name\":\"Charlotte\",\"image\":{\"@type\":\"ImageObject\",\"inLanguage\":\"en-US\",\"@id\":\"https:\\\/\\\/charlotteledent.com\\\/wp-content\\\/uploads\\\/2015\\\/03\\\/fond-site-charlotte-ledent.jpg\",\"url\":\"https:\\\/\\\/charlotteledent.com\\\/wp-content\\\/uploads\\\/2015\\\/03\\\/fond-site-charlotte-ledent.jpg\",\"contentUrl\":\"https:\\\/\\\/charlotteledent.com\\\/wp-content\\\/uploads\\\/2015\\\/03\\\/fond-site-charlotte-ledent.jpg\",\"width\":1900,\"height\":500,\"caption\":\"Charlotte\"},\"logo\":{\"@id\":\"https:\\\/\\\/charlotteledent.com\\\/wp-content\\\/uploads\\\/2015\\\/03\\\/fond-site-charlotte-ledent.jpg\"},\"sameAs\":[\"https:\\\/\\\/charlotteledent.com\"]}]}<\/script>\n<!-- \/ Yoast SEO plugin. -->","yoast_head_json":{"title":"Plan d\u2019acc\u00e8s - Charlotte Ledent","robots":{"index":"index","follow":"follow","max-snippet":"max-snippet:-1","max-image-preview":"max-image-preview:large","max-video-preview":"max-video-preview:-1"},"canonical":"https:\/\/charlotteledent.com\/en\/plan-dacces\/","og_locale":"en_US","og_type":"article","og_title":"Plan d\u2019acc\u00e8s - Charlotte Ledent","og_description":"Plan d&rsquo;acc\u00e8s Auderghem, Avenue Edmond An Nieuwenhuyse, 10, Bat C, 4\u00e9me Droite Interphone : Boite 10\/19 Transport en commun Parking (Disque ou payant) V\u00e9los","og_url":"https:\/\/charlotteledent.com\/en\/plan-dacces\/","og_site_name":"Charlotte Ledent","article_modified_time":"2025-11-02T10:08:46+00:00","twitter_card":"summary_large_image","twitter_misc":{"Est. reading time":"1 minute"},"schema":{"@context":"https:\/\/schema.org","@graph":[{"@type":"WebPage","@id":"https:\/\/charlotteledent.com\/plan-dacces\/","url":"https:\/\/charlotteledent.com\/plan-dacces\/","name":"Plan d\u2019acc\u00e8s - Charlotte Ledent","isPartOf":{"@id":"https:\/\/charlotteledent.com\/#website"},"datePublished":"2025-07-12T14:12:31+00:00","dateModified":"2025-11-02T10:08:46+00:00","breadcrumb":{"@id":"https:\/\/charlotteledent.com\/plan-dacces\/#breadcrumb"},"inLanguage":"en-US","potentialAction":[{"@type":"ReadAction","target":["https:\/\/charlotteledent.com\/plan-dacces\/"]}]},{"@type":"BreadcrumbList","@id":"https:\/\/charlotteledent.com\/plan-dacces\/#breadcrumb","itemListElement":[{"@type":"ListItem","position":1,"name":"Accueil","item":"https:\/\/charlotteledent.com\/"},{"@type":"ListItem","position":2,"name":"Plan d\u2019acc\u00e8s"}]},{"@type":"WebSite","@id":"https:\/\/charlotteledent.com\/#website","url":"https:\/\/charlotteledent.com\/","name":"Charlotte Ledent","description":"","publisher":{"@id":"https:\/\/charlotteledent.com\/#\/schema\/person\/ae7f292530fd9aa0ebb45366d2ada03a"},"potentialAction":[{"@type":"SearchAction","target":{"@type":"EntryPoint","urlTemplate":"https:\/\/charlotteledent.com\/?s={search_term_string}"},"query-input":{"@type":"PropertyValueSpecification","valueRequired":true,"valueName":"search_term_string"}}],"inLanguage":"en-US"},{"@type":["Person","Organization"],"@id":"https:\/\/charlotteledent.com\/#\/schema\/person\/ae7f292530fd9aa0ebb45366d2ada03a","name":"Charlotte","image":{"@type":"ImageObject","inLanguage":"en-US","@id":"https:\/\/charlotteledent.com\/wp-content\/uploads\/2015\/03\/fond-site-charlotte-ledent.jpg","url":"https:\/\/charlotteledent.com\/wp-content\/uploads\/2015\/03\/fond-site-charlotte-ledent.jpg","contentUrl":"https:\/\/charlotteledent.com\/wp-content\/uploads\/2015\/03\/fond-site-charlotte-ledent.jpg","width":1900,"height":500,"caption":"Charlotte"},"logo":{"@id":"https:\/\/charlotteledent.com\/wp-content\/uploads\/2015\/03\/fond-site-charlotte-ledent.jpg"},"sameAs":["https:\/\/charlotteledent.com"]}]}},"_links":{"self":[{"href":"https:\/\/charlotteledent.com\/en\/wp-json\/wp\/v2\/pages\/241","targetHints":{"allow":["GET"]}}],"collection":[{"href":"https:\/\/charlotteledent.com\/en\/wp-json\/wp\/v2\/pages"}],"about":[{"href":"https:\/\/charlotteledent.com\/en\/wp-json\/wp\/v2\/types\/page"}],"author":[{"embeddable":true,"href":"https:\/\/charlotteledent.com\/en\/wp-json\/wp\/v2\/users\/2"}],"replies":[{"embeddable":true,"href":"https:\/\/charlotteledent.com\/en\/wp-json\/wp\/v2\/comments?post=241"}],"version-history":[{"count":24,"href":"https:\/\/charlotteledent.com\/en\/wp-json\/wp\/v2\/pages\/241\/revisions"}],"predecessor-version":[{"id":659,"href":"https:\/\/charlotteledent.com\/en\/wp-json\/wp\/v2\/pages\/241\/revisions\/659"}],"wp:attachment":[{"href":"https:\/\/charlotteledent.com\/en\/wp-json\/wp\/v2\/media?parent=241"}],"curies":[{"name":"wp","href":"https:\/\/api.w.org\/{rel}","templated":true}]}}