{"id":254,"date":"2025-08-03T07:23:32","date_gmt":"2025-08-03T07:23:32","guid":{"rendered":"https:\/\/charlotteledent.com\/?page_id=254"},"modified":"2025-10-30T18:38:06","modified_gmt":"2025-10-30T18:38:06","slug":"qui-suis-je-2","status":"publish","type":"page","link":"https:\/\/charlotteledent.com\/en\/qui-suis-je-2\/","title":{"rendered":"Who am I?"},"content":{"rendered":"<div class=\"wp-block-columns is-layout-flex wp-container-core-columns-is-layout-28f84493 wp-block-columns-is-layout-flex\">\n<div class=\"wp-block-column is-vertically-aligned-top is-layout-flow wp-block-column-is-layout-flow\" style=\"flex-basis:33.33%\">\n<figure class=\"wp-block-image alignright size-full is-style-default\"><a href=\"https:\/\/charlotteledent.com\/wp-content\/uploads\/2015\/03\/charlotte-ledent-psychotherapeute-sexologue.jpg\"><img loading=\"lazy\" decoding=\"async\" width=\"325\" height=\"325\" src=\"https:\/\/charlotteledent.com\/wp-content\/uploads\/2015\/03\/charlotte-ledent-psychotherapeute-sexologue.jpg\" alt=\"\" class=\"wp-image-29\" srcset=\"https:\/\/charlotteledent.com\/wp-content\/uploads\/2015\/03\/charlotte-ledent-psychotherapeute-sexologue.jpg 325w, https:\/\/charlotteledent.com\/wp-content\/uploads\/2015\/03\/charlotte-ledent-psychotherapeute-sexologue-150x150.jpg 150w, https:\/\/charlotteledent.com\/wp-content\/uploads\/2015\/03\/charlotte-ledent-psychotherapeute-sexologue-300x300.jpg 300w\" sizes=\"auto, (max-width: 325px) 100vw, 325px\" \/><\/a><\/figure>\n<\/div>\n\n\n\n<div class=\"wp-block-column is-vertically-aligned-center is-layout-flow wp-block-column-is-layout-flow\" style=\"flex-basis:66.66%\">\n<!-- Bloc HTML \u00e0 coller dans Gutenberg -->\n<style>\n.custom-section {\n    background-color: #ffffff;\n    padding: 50px 30px;\n    font-family: 'Georgia', serif;\n    color: #444;\n}\n.custom-title {\n    color: #aaba59;\n    font-family: 'Josefin Sans', sans-serif;\n    font-size: 36px;\n    font-weight: 300;\n    letter-spacing: -1px;\n    text-transform: uppercase;\n    margin-bottom: 20px;\n}\n.custom-paragraph {\n    text-align: justify;\n    line-height: 1.8;\n    margin-bottom: 20px;\n    letter-spacing: 0px;\n    font-family: 'Raleway',sans-serif;\n    font-size: 14px;\n    line-height: 26px;\n    color: #818181;\n    font-weight: 400;\n    -webkit-font-smoothing: antialiased;\n}\n<\/style>\n\n<div class=\"custom-section\">\n  <h2 class=\"custom-title\">Who am I?<\/h2>\n  <p class=\"custom-paragraph\">\n    I developed an interest in psychology at an early age\u2014in human beings and their complexity. This led me to initially pursue studies in social work. With this foundation, I worked in the field of psychiatry and also within a victim support service. Those years were extremely rewarding. However, I felt that this path didn't quite align with what I was truly seeking. I then completed a degree in Sexology at UCL. After graduating, I co-founded a Loveshop project with two fellow sexologists, which opened in Brussels in 2004. I served as one of its directors until 2020.\n  <\/p>\n  <p class=\"custom-paragraph translation-block\">In parallel with this, I underwent psychotherapy, and it was in this context that I discovered Gestalt. I appreciated having a committed and invested professional facing me, involved as a person in her own right in the therapeutic relationship, with her own feelings and emotions. Gradually, I became interested in and learned about the specificities of this approach and naturally decided to start a five-year training program to become a <strong>Gestalt-therapist<\/strong>. I was trained at the Institut de Gestalt du Nord-Champ G.<\/p>\n  <p class=\"custom-paragraph translation-block\">Since then, I have strengthened my practice through continued training. <br>\nI am a <strong>couple therapist<\/strong> trained at the Ecole du couple (Anne and Jean-Paul Sauz\u00e8de-Lagarde). <br>\nI completed a two-year university certificate in <strong>psychotraumatology<\/strong> (BIP-Uli\u00e8ge). <br>\nI am currently training to become a <strong>supervisor<\/strong> at IFFP (Paris).<\/p>\n <p class=\"custom-paragraph\">\nI am a member of the Belgian Gestalt Society and the French Gestalt Society, and I receive supervision for my individual and couples practice from accredited supervisors.\n  <\/p>\n<\/div>\n<\/div>\n<\/div>\n\n\n\n<p><\/p>","protected":false},"excerpt":{"rendered":"<p>QUI SUIS-JE J\u2019ai tr\u00e8s t\u00f4t \u00e9t\u00e9 int\u00e9ress\u00e9e par la psychologie, par l\u2019humain et sa complexit\u00e9. C\u2019est ce qui m\u2019a fait m\u2019orienter, au d\u00e9part, vers des \u00e9tudes d\u2019assistante sociale. C\u2019est avec ce bagage que j\u2019ai travaill\u00e9 dans le domaine de la psychiatrie et \u00e9galement au sein d\u2019un service d\u2019aide aux victimes. Ces ann\u00e9es ont \u00e9t\u00e9 tr\u00e8s [&hellip;]<\/p>\n","protected":false},"author":2,"featured_media":0,"parent":0,"menu_order":0,"comment_status":"closed","ping_status":"closed","template":"","meta":{"footnotes":""},"class_list":["post-254","page","type-page","status-publish","hentry"],"blocksy_meta":[],"yoast_head":"<!-- This site is optimized with the Yoast SEO plugin v27.5 - https:\/\/yoast.com\/product\/yoast-seo-wordpress\/ -->\n<title>Qui suis-je ? - Charlotte Ledent<\/title>\n<meta name=\"robots\" content=\"index, follow, max-snippet:-1, max-image-preview:large, max-video-preview:-1\" \/>\n<link rel=\"canonical\" href=\"https:\/\/charlotteledent.com\/en\/qui-suis-je-2\/\" \/>\n<meta property=\"og:locale\" content=\"en_US\" \/>\n<meta property=\"og:type\" content=\"article\" \/>\n<meta property=\"og:title\" content=\"Qui suis-je ? - Charlotte Ledent\" \/>\n<meta property=\"og:description\" content=\"QUI SUIS-JE J\u2019ai tr\u00e8s t\u00f4t \u00e9t\u00e9 int\u00e9ress\u00e9e par la psychologie, par l\u2019humain et sa complexit\u00e9. C\u2019est ce qui m\u2019a fait m\u2019orienter, au d\u00e9part, vers des \u00e9tudes d\u2019assistante sociale. C\u2019est avec ce bagage que j\u2019ai travaill\u00e9 dans le domaine de la psychiatrie et \u00e9galement au sein d\u2019un service d\u2019aide aux victimes. Ces ann\u00e9es ont \u00e9t\u00e9 tr\u00e8s [&hellip;]\" \/>\n<meta property=\"og:url\" content=\"https:\/\/charlotteledent.com\/en\/qui-suis-je-2\/\" \/>\n<meta property=\"og:site_name\" content=\"Charlotte Ledent\" \/>\n<meta property=\"article:modified_time\" content=\"2025-10-30T18:38:06+00:00\" \/>\n<meta property=\"og:image\" content=\"https:\/\/charlotteledent.com\/wp-content\/uploads\/2015\/03\/charlotte-ledent-psychotherapeute-sexologue.jpg\" \/>\n\t<meta property=\"og:image:width\" content=\"325\" \/>\n\t<meta property=\"og:image:height\" content=\"325\" \/>\n\t<meta property=\"og:image:type\" content=\"image\/jpeg\" \/>\n<meta name=\"twitter:card\" content=\"summary_large_image\" \/>\n<meta name=\"twitter:label1\" content=\"Est. reading time\" \/>\n\t<meta name=\"twitter:data1\" content=\"2 minutes\" \/>\n<script type=\"application\/ld+json\" class=\"yoast-schema-graph\">{\"@context\":\"https:\\\/\\\/schema.org\",\"@graph\":[{\"@type\":\"WebPage\",\"@id\":\"https:\\\/\\\/charlotteledent.com\\\/qui-suis-je-2\\\/\",\"url\":\"https:\\\/\\\/charlotteledent.com\\\/qui-suis-je-2\\\/\",\"name\":\"Qui suis-je ? - Charlotte Ledent\",\"isPartOf\":{\"@id\":\"https:\\\/\\\/charlotteledent.com\\\/#website\"},\"primaryImageOfPage\":{\"@id\":\"https:\\\/\\\/charlotteledent.com\\\/qui-suis-je-2\\\/#primaryimage\"},\"image\":{\"@id\":\"https:\\\/\\\/charlotteledent.com\\\/qui-suis-je-2\\\/#primaryimage\"},\"thumbnailUrl\":\"https:\\\/\\\/charlotteledent.com\\\/wp-content\\\/uploads\\\/2015\\\/03\\\/charlotte-ledent-psychotherapeute-sexologue.jpg\",\"datePublished\":\"2025-08-03T07:23:32+00:00\",\"dateModified\":\"2025-10-30T18:38:06+00:00\",\"breadcrumb\":{\"@id\":\"https:\\\/\\\/charlotteledent.com\\\/qui-suis-je-2\\\/#breadcrumb\"},\"inLanguage\":\"en-US\",\"potentialAction\":[{\"@type\":\"ReadAction\",\"target\":[\"https:\\\/\\\/charlotteledent.com\\\/qui-suis-je-2\\\/\"]}]},{\"@type\":\"ImageObject\",\"inLanguage\":\"en-US\",\"@id\":\"https:\\\/\\\/charlotteledent.com\\\/qui-suis-je-2\\\/#primaryimage\",\"url\":\"https:\\\/\\\/charlotteledent.com\\\/wp-content\\\/uploads\\\/2015\\\/03\\\/charlotte-ledent-psychotherapeute-sexologue.jpg\",\"contentUrl\":\"https:\\\/\\\/charlotteledent.com\\\/wp-content\\\/uploads\\\/2015\\\/03\\\/charlotte-ledent-psychotherapeute-sexologue.jpg\"},{\"@type\":\"BreadcrumbList\",\"@id\":\"https:\\\/\\\/charlotteledent.com\\\/qui-suis-je-2\\\/#breadcrumb\",\"itemListElement\":[{\"@type\":\"ListItem\",\"position\":1,\"name\":\"Accueil\",\"item\":\"https:\\\/\\\/charlotteledent.com\\\/\"},{\"@type\":\"ListItem\",\"position\":2,\"name\":\"Qui suis-je ?\"}]},{\"@type\":\"WebSite\",\"@id\":\"https:\\\/\\\/charlotteledent.com\\\/#website\",\"url\":\"https:\\\/\\\/charlotteledent.com\\\/\",\"name\":\"Charlotte Ledent\",\"description\":\"\",\"publisher\":{\"@id\":\"https:\\\/\\\/charlotteledent.com\\\/#\\\/schema\\\/person\\\/ae7f292530fd9aa0ebb45366d2ada03a\"},\"potentialAction\":[{\"@type\":\"SearchAction\",\"target\":{\"@type\":\"EntryPoint\",\"urlTemplate\":\"https:\\\/\\\/charlotteledent.com\\\/?s={search_term_string}\"},\"query-input\":{\"@type\":\"PropertyValueSpecification\",\"valueRequired\":true,\"valueName\":\"search_term_string\"}}],\"inLanguage\":\"en-US\"},{\"@type\":[\"Person\",\"Organization\"],\"@id\":\"https:\\\/\\\/charlotteledent.com\\\/#\\\/schema\\\/person\\\/ae7f292530fd9aa0ebb45366d2ada03a\",\"name\":\"Charlotte\",\"image\":{\"@type\":\"ImageObject\",\"inLanguage\":\"en-US\",\"@id\":\"https:\\\/\\\/charlotteledent.com\\\/wp-content\\\/uploads\\\/2015\\\/03\\\/fond-site-charlotte-ledent.jpg\",\"url\":\"https:\\\/\\\/charlotteledent.com\\\/wp-content\\\/uploads\\\/2015\\\/03\\\/fond-site-charlotte-ledent.jpg\",\"contentUrl\":\"https:\\\/\\\/charlotteledent.com\\\/wp-content\\\/uploads\\\/2015\\\/03\\\/fond-site-charlotte-ledent.jpg\",\"width\":1900,\"height\":500,\"caption\":\"Charlotte\"},\"logo\":{\"@id\":\"https:\\\/\\\/charlotteledent.com\\\/wp-content\\\/uploads\\\/2015\\\/03\\\/fond-site-charlotte-ledent.jpg\"},\"sameAs\":[\"https:\\\/\\\/charlotteledent.com\"]}]}<\/script>\n<!-- \/ Yoast SEO plugin. -->","yoast_head_json":{"title":"Qui suis-je ? - Charlotte Ledent","robots":{"index":"index","follow":"follow","max-snippet":"max-snippet:-1","max-image-preview":"max-image-preview:large","max-video-preview":"max-video-preview:-1"},"canonical":"https:\/\/charlotteledent.com\/en\/qui-suis-je-2\/","og_locale":"en_US","og_type":"article","og_title":"Qui suis-je ? - Charlotte Ledent","og_description":"QUI SUIS-JE J\u2019ai tr\u00e8s t\u00f4t \u00e9t\u00e9 int\u00e9ress\u00e9e par la psychologie, par l\u2019humain et sa complexit\u00e9. C\u2019est ce qui m\u2019a fait m\u2019orienter, au d\u00e9part, vers des \u00e9tudes d\u2019assistante sociale. C\u2019est avec ce bagage que j\u2019ai travaill\u00e9 dans le domaine de la psychiatrie et \u00e9galement au sein d\u2019un service d\u2019aide aux victimes. Ces ann\u00e9es ont \u00e9t\u00e9 tr\u00e8s [&hellip;]","og_url":"https:\/\/charlotteledent.com\/en\/qui-suis-je-2\/","og_site_name":"Charlotte Ledent","article_modified_time":"2025-10-30T18:38:06+00:00","og_image":[{"width":325,"height":325,"url":"https:\/\/charlotteledent.com\/wp-content\/uploads\/2015\/03\/charlotte-ledent-psychotherapeute-sexologue.jpg","type":"image\/jpeg"}],"twitter_card":"summary_large_image","twitter_misc":{"Est. reading time":"2 minutes"},"schema":{"@context":"https:\/\/schema.org","@graph":[{"@type":"WebPage","@id":"https:\/\/charlotteledent.com\/qui-suis-je-2\/","url":"https:\/\/charlotteledent.com\/qui-suis-je-2\/","name":"Qui suis-je ? - Charlotte Ledent","isPartOf":{"@id":"https:\/\/charlotteledent.com\/#website"},"primaryImageOfPage":{"@id":"https:\/\/charlotteledent.com\/qui-suis-je-2\/#primaryimage"},"image":{"@id":"https:\/\/charlotteledent.com\/qui-suis-je-2\/#primaryimage"},"thumbnailUrl":"https:\/\/charlotteledent.com\/wp-content\/uploads\/2015\/03\/charlotte-ledent-psychotherapeute-sexologue.jpg","datePublished":"2025-08-03T07:23:32+00:00","dateModified":"2025-10-30T18:38:06+00:00","breadcrumb":{"@id":"https:\/\/charlotteledent.com\/qui-suis-je-2\/#breadcrumb"},"inLanguage":"en-US","potentialAction":[{"@type":"ReadAction","target":["https:\/\/charlotteledent.com\/qui-suis-je-2\/"]}]},{"@type":"ImageObject","inLanguage":"en-US","@id":"https:\/\/charlotteledent.com\/qui-suis-je-2\/#primaryimage","url":"https:\/\/charlotteledent.com\/wp-content\/uploads\/2015\/03\/charlotte-ledent-psychotherapeute-sexologue.jpg","contentUrl":"https:\/\/charlotteledent.com\/wp-content\/uploads\/2015\/03\/charlotte-ledent-psychotherapeute-sexologue.jpg"},{"@type":"BreadcrumbList","@id":"https:\/\/charlotteledent.com\/qui-suis-je-2\/#breadcrumb","itemListElement":[{"@type":"ListItem","position":1,"name":"Accueil","item":"https:\/\/charlotteledent.com\/"},{"@type":"ListItem","position":2,"name":"Qui suis-je ?"}]},{"@type":"WebSite","@id":"https:\/\/charlotteledent.com\/#website","url":"https:\/\/charlotteledent.com\/","name":"Charlotte Ledent","description":"","publisher":{"@id":"https:\/\/charlotteledent.com\/#\/schema\/person\/ae7f292530fd9aa0ebb45366d2ada03a"},"potentialAction":[{"@type":"SearchAction","target":{"@type":"EntryPoint","urlTemplate":"https:\/\/charlotteledent.com\/?s={search_term_string}"},"query-input":{"@type":"PropertyValueSpecification","valueRequired":true,"valueName":"search_term_string"}}],"inLanguage":"en-US"},{"@type":["Person","Organization"],"@id":"https:\/\/charlotteledent.com\/#\/schema\/person\/ae7f292530fd9aa0ebb45366d2ada03a","name":"Charlotte","image":{"@type":"ImageObject","inLanguage":"en-US","@id":"https:\/\/charlotteledent.com\/wp-content\/uploads\/2015\/03\/fond-site-charlotte-ledent.jpg","url":"https:\/\/charlotteledent.com\/wp-content\/uploads\/2015\/03\/fond-site-charlotte-ledent.jpg","contentUrl":"https:\/\/charlotteledent.com\/wp-content\/uploads\/2015\/03\/fond-site-charlotte-ledent.jpg","width":1900,"height":500,"caption":"Charlotte"},"logo":{"@id":"https:\/\/charlotteledent.com\/wp-content\/uploads\/2015\/03\/fond-site-charlotte-ledent.jpg"},"sameAs":["https:\/\/charlotteledent.com"]}]}},"_links":{"self":[{"href":"https:\/\/charlotteledent.com\/en\/wp-json\/wp\/v2\/pages\/254","targetHints":{"allow":["GET"]}}],"collection":[{"href":"https:\/\/charlotteledent.com\/en\/wp-json\/wp\/v2\/pages"}],"about":[{"href":"https:\/\/charlotteledent.com\/en\/wp-json\/wp\/v2\/types\/page"}],"author":[{"embeddable":true,"href":"https:\/\/charlotteledent.com\/en\/wp-json\/wp\/v2\/users\/2"}],"replies":[{"embeddable":true,"href":"https:\/\/charlotteledent.com\/en\/wp-json\/wp\/v2\/comments?post=254"}],"version-history":[{"count":39,"href":"https:\/\/charlotteledent.com\/en\/wp-json\/wp\/v2\/pages\/254\/revisions"}],"predecessor-version":[{"id":607,"href":"https:\/\/charlotteledent.com\/en\/wp-json\/wp\/v2\/pages\/254\/revisions\/607"}],"wp:attachment":[{"href":"https:\/\/charlotteledent.com\/en\/wp-json\/wp\/v2\/media?parent=254"}],"curies":[{"name":"wp","href":"https:\/\/api.w.org\/{rel}","templated":true}]}}