{"id":308,"date":"2025-08-08T08:40:44","date_gmt":"2025-08-08T08:40:44","guid":{"rendered":"https:\/\/charlotteledent.com\/?page_id=308"},"modified":"2025-11-02T10:02:50","modified_gmt":"2025-11-02T10:02:50","slug":"a-qui-sadresse-la-psychotherapie","status":"publish","type":"page","link":"https:\/\/charlotteledent.com\/en\/a-qui-sadresse-la-psychotherapie\/","title":{"rendered":"Who is psychotherapy for?"},"content":{"rendered":"<div style=\"height:60px\" aria-hidden=\"true\" class=\"wp-block-spacer\"><\/div>\n\n\n\n<h3 class=\"wp-block-heading has-text-align-center\">Who is psychotherapy for?<\/h3>\n\n\n\n<div style=\"height:60px\" aria-hidden=\"true\" class=\"wp-block-spacer\"><\/div>\n\n\n\n<div class=\"wp-block-group is-layout-constrained wp-block-group-is-layout-constrained\">\n<div class=\"wp-block-columns .mon-espace-gauche-droite {  padding-left: 20px !important; padding-right: } is-layout-flex wp-container-core-columns-is-layout-28f84493 wp-block-columns-is-layout-flex\">\n<div class=\"wp-block-column .mon-espace-gauche-droite {  padding-left: 20px !important; padding-right: } is-layout-flow wp-block-column-is-layout-flow\">\n<p class=\"justifier-texte\">Throughout our lives, within our personal, family, and\/or professional history, we inevitably encounter people, events, and upheavals that we may find more or less difficult to overcome. Each of these incidents affects us to the point where we sometimes feel helpless, disoriented, or anxious.<\/p>\n\n\n\n<p class=\"justifier-texte\">Whether it involves a personal or relational difficulty, a professional challenge, a desire for reorientation, a search for balance, or a need for greater self-knowledge, and whether these troubles are temporary or long-lasting, beginning psychotherapy offers the opportunity to reflect on oneself, one's desires, and one's life choices.<\/p>\n<\/div>\n\n\n\n<div class=\"wp-block-column .mon-espace-gauche-droite {  padding-left: 20px !important; padding-right: } is-layout-flow wp-block-column-is-layout-flow\">\n<h4 class=\"wp-block-heading has-text-align-center\">WHY?<\/h4>\n\n\n\n<p class=\"justifier-texte\">The reasons for which a person wishes to consult with me can vary. Here are some examples:<\/p>\n\n\n\n<ul class=\"wp-block-list\">\n<li>To have a personal space for listening, understanding, and non-judgment.<\/li>\n\n\n\n<li>To be supported when going through a period of crisis.<\/li>\n\n\n\n<li>To discuss psychological, relational, professional, or sexual difficulties.<\/li>\n\n\n\n<li>To understand and find meaning in what is being experienced.<\/li>\n\n\n\n<li>To flourish more fully in one's life and relationships.<\/li>\n<\/ul>\n\n\n\n<h4 class=\"wp-block-heading has-text-align-center\">FOR WHOM?<\/h4>\n\n\n\n<p class=\"justifier-texte\">Je re\u00e7ois, en <strong>individuel<\/strong>, des adultes et des adolescents.<br> Je re\u00e7ois des <strong>couples<\/strong>.<br> Je travaille en <strong>fran\u00e7ais<\/strong> et en <strong>anglais<\/strong>.<\/p>\n\n\n\n<p class=\"justifier-texte\">Therapy is subject to professional confidentiality, and everything discussed in consultation remains confidential.<\/p>\n\n\n\n<div style=\"height:60px\" aria-hidden=\"true\" class=\"wp-block-spacer\"><\/div>\n<\/div>\n<\/div>\n<\/div>","protected":false},"excerpt":{"rendered":"<p>A qui s\u2019adresse la psychoth\u00e9rapie ? Au cours de notre vie, dans notre histoire intime, familiale et\/ou professionnelle, il nous arrive d\u2019\u00eatre confront\u00e9 \u00e0 des personnes, des \u00e9v\u00e9nements, des bouleversements que nous avons plus ou moins de difficult\u00e9s \u00e0 surmonter. Chacun de ces incidents nous affecte au point parfois de nous sentir d\u00e9munis, d\u00e9sorient\u00e9s, angoiss\u00e9s. [&hellip;]<\/p>\n","protected":false},"author":2,"featured_media":0,"parent":0,"menu_order":0,"comment_status":"closed","ping_status":"closed","template":"","meta":{"footnotes":""},"class_list":["post-308","page","type-page","status-publish","hentry"],"blocksy_meta":[],"yoast_head":"<!-- This site is optimized with the Yoast SEO plugin v27.5 - https:\/\/yoast.com\/product\/yoast-seo-wordpress\/ -->\n<title>A qui s\u2019adresse la psychoth\u00e9rapie ? - Charlotte Ledent<\/title>\n<meta name=\"robots\" content=\"index, follow, max-snippet:-1, max-image-preview:large, max-video-preview:-1\" \/>\n<link rel=\"canonical\" href=\"https:\/\/charlotteledent.com\/en\/a-qui-sadresse-la-psychotherapie\/\" \/>\n<meta property=\"og:locale\" content=\"en_US\" \/>\n<meta property=\"og:type\" content=\"article\" \/>\n<meta property=\"og:title\" content=\"A qui s\u2019adresse la psychoth\u00e9rapie ? - Charlotte Ledent\" \/>\n<meta property=\"og:description\" content=\"A qui s\u2019adresse la psychoth\u00e9rapie ? Au cours de notre vie, dans notre histoire intime, familiale et\/ou professionnelle, il nous arrive d\u2019\u00eatre confront\u00e9 \u00e0 des personnes, des \u00e9v\u00e9nements, des bouleversements que nous avons plus ou moins de difficult\u00e9s \u00e0 surmonter. Chacun de ces incidents nous affecte au point parfois de nous sentir d\u00e9munis, d\u00e9sorient\u00e9s, angoiss\u00e9s. [&hellip;]\" \/>\n<meta property=\"og:url\" content=\"https:\/\/charlotteledent.com\/en\/a-qui-sadresse-la-psychotherapie\/\" \/>\n<meta property=\"og:site_name\" content=\"Charlotte Ledent\" \/>\n<meta property=\"article:modified_time\" content=\"2025-11-02T10:02:50+00:00\" \/>\n<meta name=\"twitter:card\" content=\"summary_large_image\" \/>\n<meta name=\"twitter:label1\" content=\"Est. reading time\" \/>\n\t<meta name=\"twitter:data1\" content=\"2 minutes\" \/>\n<script type=\"application\/ld+json\" class=\"yoast-schema-graph\">{\"@context\":\"https:\\\/\\\/schema.org\",\"@graph\":[{\"@type\":\"WebPage\",\"@id\":\"https:\\\/\\\/charlotteledent.com\\\/a-qui-sadresse-la-psychotherapie\\\/\",\"url\":\"https:\\\/\\\/charlotteledent.com\\\/a-qui-sadresse-la-psychotherapie\\\/\",\"name\":\"A qui s\u2019adresse la psychoth\u00e9rapie ? - Charlotte Ledent\",\"isPartOf\":{\"@id\":\"https:\\\/\\\/charlotteledent.com\\\/#website\"},\"datePublished\":\"2025-08-08T08:40:44+00:00\",\"dateModified\":\"2025-11-02T10:02:50+00:00\",\"breadcrumb\":{\"@id\":\"https:\\\/\\\/charlotteledent.com\\\/a-qui-sadresse-la-psychotherapie\\\/#breadcrumb\"},\"inLanguage\":\"en-US\",\"potentialAction\":[{\"@type\":\"ReadAction\",\"target\":[\"https:\\\/\\\/charlotteledent.com\\\/a-qui-sadresse-la-psychotherapie\\\/\"]}]},{\"@type\":\"BreadcrumbList\",\"@id\":\"https:\\\/\\\/charlotteledent.com\\\/a-qui-sadresse-la-psychotherapie\\\/#breadcrumb\",\"itemListElement\":[{\"@type\":\"ListItem\",\"position\":1,\"name\":\"Accueil\",\"item\":\"https:\\\/\\\/charlotteledent.com\\\/\"},{\"@type\":\"ListItem\",\"position\":2,\"name\":\"A qui s\u2019adresse la psychoth\u00e9rapie ?\"}]},{\"@type\":\"WebSite\",\"@id\":\"https:\\\/\\\/charlotteledent.com\\\/#website\",\"url\":\"https:\\\/\\\/charlotteledent.com\\\/\",\"name\":\"Charlotte Ledent\",\"description\":\"\",\"publisher\":{\"@id\":\"https:\\\/\\\/charlotteledent.com\\\/#\\\/schema\\\/person\\\/ae7f292530fd9aa0ebb45366d2ada03a\"},\"potentialAction\":[{\"@type\":\"SearchAction\",\"target\":{\"@type\":\"EntryPoint\",\"urlTemplate\":\"https:\\\/\\\/charlotteledent.com\\\/?s={search_term_string}\"},\"query-input\":{\"@type\":\"PropertyValueSpecification\",\"valueRequired\":true,\"valueName\":\"search_term_string\"}}],\"inLanguage\":\"en-US\"},{\"@type\":[\"Person\",\"Organization\"],\"@id\":\"https:\\\/\\\/charlotteledent.com\\\/#\\\/schema\\\/person\\\/ae7f292530fd9aa0ebb45366d2ada03a\",\"name\":\"Charlotte\",\"image\":{\"@type\":\"ImageObject\",\"inLanguage\":\"en-US\",\"@id\":\"https:\\\/\\\/charlotteledent.com\\\/wp-content\\\/uploads\\\/2015\\\/03\\\/fond-site-charlotte-ledent.jpg\",\"url\":\"https:\\\/\\\/charlotteledent.com\\\/wp-content\\\/uploads\\\/2015\\\/03\\\/fond-site-charlotte-ledent.jpg\",\"contentUrl\":\"https:\\\/\\\/charlotteledent.com\\\/wp-content\\\/uploads\\\/2015\\\/03\\\/fond-site-charlotte-ledent.jpg\",\"width\":1900,\"height\":500,\"caption\":\"Charlotte\"},\"logo\":{\"@id\":\"https:\\\/\\\/charlotteledent.com\\\/wp-content\\\/uploads\\\/2015\\\/03\\\/fond-site-charlotte-ledent.jpg\"},\"sameAs\":[\"https:\\\/\\\/charlotteledent.com\"]}]}<\/script>\n<!-- \/ Yoast SEO plugin. -->","yoast_head_json":{"title":"A qui s\u2019adresse la psychoth\u00e9rapie ? - Charlotte Ledent","robots":{"index":"index","follow":"follow","max-snippet":"max-snippet:-1","max-image-preview":"max-image-preview:large","max-video-preview":"max-video-preview:-1"},"canonical":"https:\/\/charlotteledent.com\/en\/a-qui-sadresse-la-psychotherapie\/","og_locale":"en_US","og_type":"article","og_title":"A qui s\u2019adresse la psychoth\u00e9rapie ? - Charlotte Ledent","og_description":"A qui s\u2019adresse la psychoth\u00e9rapie ? Au cours de notre vie, dans notre histoire intime, familiale et\/ou professionnelle, il nous arrive d\u2019\u00eatre confront\u00e9 \u00e0 des personnes, des \u00e9v\u00e9nements, des bouleversements que nous avons plus ou moins de difficult\u00e9s \u00e0 surmonter. Chacun de ces incidents nous affecte au point parfois de nous sentir d\u00e9munis, d\u00e9sorient\u00e9s, angoiss\u00e9s. [&hellip;]","og_url":"https:\/\/charlotteledent.com\/en\/a-qui-sadresse-la-psychotherapie\/","og_site_name":"Charlotte Ledent","article_modified_time":"2025-11-02T10:02:50+00:00","twitter_card":"summary_large_image","twitter_misc":{"Est. reading time":"2 minutes"},"schema":{"@context":"https:\/\/schema.org","@graph":[{"@type":"WebPage","@id":"https:\/\/charlotteledent.com\/a-qui-sadresse-la-psychotherapie\/","url":"https:\/\/charlotteledent.com\/a-qui-sadresse-la-psychotherapie\/","name":"A qui s\u2019adresse la psychoth\u00e9rapie ? - Charlotte Ledent","isPartOf":{"@id":"https:\/\/charlotteledent.com\/#website"},"datePublished":"2025-08-08T08:40:44+00:00","dateModified":"2025-11-02T10:02:50+00:00","breadcrumb":{"@id":"https:\/\/charlotteledent.com\/a-qui-sadresse-la-psychotherapie\/#breadcrumb"},"inLanguage":"en-US","potentialAction":[{"@type":"ReadAction","target":["https:\/\/charlotteledent.com\/a-qui-sadresse-la-psychotherapie\/"]}]},{"@type":"BreadcrumbList","@id":"https:\/\/charlotteledent.com\/a-qui-sadresse-la-psychotherapie\/#breadcrumb","itemListElement":[{"@type":"ListItem","position":1,"name":"Accueil","item":"https:\/\/charlotteledent.com\/"},{"@type":"ListItem","position":2,"name":"A qui s\u2019adresse la psychoth\u00e9rapie ?"}]},{"@type":"WebSite","@id":"https:\/\/charlotteledent.com\/#website","url":"https:\/\/charlotteledent.com\/","name":"Charlotte Ledent","description":"","publisher":{"@id":"https:\/\/charlotteledent.com\/#\/schema\/person\/ae7f292530fd9aa0ebb45366d2ada03a"},"potentialAction":[{"@type":"SearchAction","target":{"@type":"EntryPoint","urlTemplate":"https:\/\/charlotteledent.com\/?s={search_term_string}"},"query-input":{"@type":"PropertyValueSpecification","valueRequired":true,"valueName":"search_term_string"}}],"inLanguage":"en-US"},{"@type":["Person","Organization"],"@id":"https:\/\/charlotteledent.com\/#\/schema\/person\/ae7f292530fd9aa0ebb45366d2ada03a","name":"Charlotte","image":{"@type":"ImageObject","inLanguage":"en-US","@id":"https:\/\/charlotteledent.com\/wp-content\/uploads\/2015\/03\/fond-site-charlotte-ledent.jpg","url":"https:\/\/charlotteledent.com\/wp-content\/uploads\/2015\/03\/fond-site-charlotte-ledent.jpg","contentUrl":"https:\/\/charlotteledent.com\/wp-content\/uploads\/2015\/03\/fond-site-charlotte-ledent.jpg","width":1900,"height":500,"caption":"Charlotte"},"logo":{"@id":"https:\/\/charlotteledent.com\/wp-content\/uploads\/2015\/03\/fond-site-charlotte-ledent.jpg"},"sameAs":["https:\/\/charlotteledent.com"]}]}},"_links":{"self":[{"href":"https:\/\/charlotteledent.com\/en\/wp-json\/wp\/v2\/pages\/308","targetHints":{"allow":["GET"]}}],"collection":[{"href":"https:\/\/charlotteledent.com\/en\/wp-json\/wp\/v2\/pages"}],"about":[{"href":"https:\/\/charlotteledent.com\/en\/wp-json\/wp\/v2\/types\/page"}],"author":[{"embeddable":true,"href":"https:\/\/charlotteledent.com\/en\/wp-json\/wp\/v2\/users\/2"}],"replies":[{"embeddable":true,"href":"https:\/\/charlotteledent.com\/en\/wp-json\/wp\/v2\/comments?post=308"}],"version-history":[{"count":38,"href":"https:\/\/charlotteledent.com\/en\/wp-json\/wp\/v2\/pages\/308\/revisions"}],"predecessor-version":[{"id":655,"href":"https:\/\/charlotteledent.com\/en\/wp-json\/wp\/v2\/pages\/308\/revisions\/655"}],"wp:attachment":[{"href":"https:\/\/charlotteledent.com\/en\/wp-json\/wp\/v2\/media?parent=308"}],"curies":[{"name":"wp","href":"https:\/\/api.w.org\/{rel}","templated":true}]}}