{"id":391,"date":"2025-08-10T11:57:52","date_gmt":"2025-08-10T11:57:52","guid":{"rendered":"https:\/\/charlotteledent.com\/?page_id=391"},"modified":"2025-11-01T10:25:02","modified_gmt":"2025-11-01T10:25:02","slug":"page-daccueil","status":"publish","type":"page","link":"https:\/\/charlotteledent.com\/en\/","title":{"rendered":"Page d&rsquo;accueil"},"content":{"rendered":"<div class=\"wp-block-columns is-layout-flex wp-container-core-columns-is-layout-28f84493 wp-block-columns-is-layout-flex\">\n<div class=\"wp-block-column is-vertically-aligned-top is-layout-flow wp-block-column-is-layout-flow\" style=\"flex-basis:33.33%\">\n<figure class=\"wp-block-image alignright size-full is-style-default\"><a href=\"https:\/\/charlotteledent.com\/wp-content\/uploads\/2015\/03\/charlotte-ledent-psychotherapeute-sexologue.jpg\"><img loading=\"lazy\" decoding=\"async\" width=\"325\" height=\"325\" src=\"https:\/\/charlotteledent.com\/wp-content\/uploads\/2015\/03\/charlotte-ledent-psychotherapeute-sexologue.jpg\" alt=\"\" class=\"wp-image-29\" srcset=\"https:\/\/charlotteledent.com\/wp-content\/uploads\/2015\/03\/charlotte-ledent-psychotherapeute-sexologue.jpg 325w, https:\/\/charlotteledent.com\/wp-content\/uploads\/2015\/03\/charlotte-ledent-psychotherapeute-sexologue-150x150.jpg 150w, https:\/\/charlotteledent.com\/wp-content\/uploads\/2015\/03\/charlotte-ledent-psychotherapeute-sexologue-300x300.jpg 300w\" sizes=\"auto, (max-width: 325px) 100vw, 325px\" \/><\/a><\/figure>\n<\/div>\n\n\n\n<div class=\"wp-block-column is-vertically-aligned-center is-layout-flow wp-block-column-is-layout-flow\" style=\"flex-basis:66.66%\">\n<!-- Bloc HTML \u00e0 coller dans Gutenberg -->\n<style>\n.custom-section {\n    background-color: #ffffff;\n    padding: 50px 30px;\n    font-family: 'Georgia', serif;\n    color: #444;\n}\n.custom-title {\n    color: #aaba59;\n    font-family: 'Josefin Sans', sans-serif;\n    font-size: 36px;\n    font-weight: 300;\n    letter-spacing: -1px;\n    text-transform: uppercase;\n    margin-bottom: 20px;\n}\n.custom-paragraph {\n    text-align: justify;\n    line-height: 1.8;\n    margin-bottom: 20px;\n    letter-spacing: 0px;\n    font-family: 'Raleway',sans-serif;\n    font-size: 14px;\n    line-height: 26px;\n    color: #818181;\n    font-weight: 400;\n    -webkit-font-smoothing: antialiased;\n}\n<\/style>\n\n<div class=\"custom-section\">\n  <h2 class=\"custom-title\">Who am I?<\/h2>\n  <p class=\"custom-paragraph\">\n   I developed an interest in psychology at an early age\u2014in human beings and their complexity. This led me to initially pursue studies in social work. With this foundation, I worked in the field of psychiatry and also within a victim support service. Those years were extremely rewarding. However, I felt that this path didn't quite align with what I was truly seeking. I then completed a degree in Sexology at UCL. After graduating, I co-founded a Loveshop project with two fellow sexologists, which opened in Brussels in 2004. I served as one of its directors until 2020.\n  <\/p>\n<\/div>\n<\/div>\n<\/div>\n\n\n\n<div class=\"wp-block-buttons is-content-justification-right is-layout-flex wp-container-core-buttons-is-layout-d445cf74 wp-block-buttons-is-layout-flex\" style=\"border-radius:70px\">\n<div class=\"wp-block-button is-style-fill\"><a class=\"wp-block-button__link has-white-color has-palette-color-9-background-color has-text-color has-background has-link-color wp-element-button\" href=\"https:\/\/charlotteledent.com\/en\/qui-suis-je-2\/\" style=\"border-radius:40px\">Learn more<\/a><\/div>\n<\/div>\n\n\n\n<div class=\"wp-block-columns \/* Supprimer l&apos;\u00e9cart entre les colonnes *\/ .card-grid { gap: 0 !important; }  Cartes de m\u00eame hauteur + bouton en bas .card display: flex; flex-direction: column; height: 100%; padding: 24px; background: #e9ece9; ajuste la couleur fond si besoin Le groupe boutons descend carte .wp-block-buttons margin-top: auto; has-white-background-color has-background is-layout-flex wp-container-core-columns-is-layout-28f84493 wp-block-columns-is-layout-flex\">\n<div class=\"wp-block-column is-vertically-aligned-top has-white-background-color has-background is-layout-flow wp-block-column-is-layout-flow\">\n<figure class=\"wp-block-image aligncenter size-full is-style-default\"><img loading=\"lazy\" decoding=\"async\" width=\"200\" height=\"190\" src=\"https:\/\/charlotteledent.com\/wp-content\/uploads\/2015\/03\/motif-entier-petit.png\" alt=\"\" class=\"wp-image-93\"\/><\/figure>\n\n\n\n<h4 class=\"wp-block-heading has-text-align-center\">Who am I?<\/h4>\n\n\n\n<p class=\"has-text-align-center\">Gestalt-therapist.<br>Couple therapist<\/p>\n\n\n\n<div class=\"wp-block-buttons is-content-justification-center is-layout-flex wp-container-core-buttons-is-layout-a89b3969 wp-block-buttons-is-layout-flex\">\n<div class=\"wp-block-button is-style-fill\"><a class=\"wp-block-button__link has-white-color has-palette-color-9-background-color has-text-color has-background has-link-color wp-element-button\" href=\"https:\/\/charlotteledent.com\/en\/qui-suis-je-2\/\" style=\"border-radius:40px\">Learn more<\/a><\/div>\n<\/div>\n<\/div>\n\n\n\n<div class=\"wp-block-column is-vertically-aligned-top has-white-background-color has-background is-layout-flow wp-block-column-is-layout-flow\">\n<figure class=\"wp-block-image aligncenter size-full\"><img loading=\"lazy\" decoding=\"async\" width=\"200\" height=\"190\" src=\"https:\/\/charlotteledent.com\/wp-content\/uploads\/2015\/03\/motif-entier-petit.png\" alt=\"\" class=\"wp-image-93\"\/><\/figure>\n\n\n\n<h4 class=\"wp-block-heading has-text-align-center\">Gestalt-Therapy<\/h4>\n\n\n\n<p class=\"has-text-align-center\">Quand le \u00abJe\u00bb s\u2019ouvre \u00e0 un \u00abTu\u00bb, il en est transform\u00e9.<br>(Buber)<\/p>\n\n\n\n<div class=\"wp-block-buttons is-content-justification-center is-layout-flex wp-container-core-buttons-is-layout-a89b3969 wp-block-buttons-is-layout-flex\">\n<div class=\"wp-block-button is-style-fill\"><a class=\"wp-block-button__link has-white-color has-palette-color-9-background-color has-text-color has-background has-link-color wp-element-button\" href=\"https:\/\/charlotteledent.com\/en\/la-gestalt-therapie\/\" style=\"border-radius:40px\">Learn more<\/a><\/div>\n<\/div>\n<\/div>\n\n\n\n<div class=\"wp-block-column is-vertically-aligned-top has-white-background-color has-background is-layout-flow wp-block-column-is-layout-flow\">\n<figure class=\"wp-block-image aligncenter size-full\"><img loading=\"lazy\" decoding=\"async\" width=\"200\" height=\"190\" src=\"https:\/\/charlotteledent.com\/wp-content\/uploads\/2015\/03\/motif-entier-petit.png\" alt=\"\" class=\"wp-image-93\"\/><\/figure>\n\n\n\n<h4 class=\"wp-block-heading has-text-align-center\">Who is<br>psychotherapy for?<\/h4>\n\n\n\n<p class=\"has-text-align-center\">Throughout our lives, within our personal, family, and\/or professional history, we inevitably encounter people, events, and upheavals that we may find more or less difficult to overcome.<\/p>\n\n\n\n<div class=\"wp-block-buttons is-content-justification-center is-layout-flex wp-container-core-buttons-is-layout-a89b3969 wp-block-buttons-is-layout-flex\">\n<div class=\"wp-block-button is-style-fill\"><a class=\"wp-block-button__link has-white-color has-palette-color-9-background-color has-text-color has-background has-link-color wp-element-button\" href=\"https:\/\/charlotteledent.com\/en\/a-qui-sadresse-la-psychotherapie\/\" style=\"border-radius:40px\">Learn more<\/a><\/div>\n<\/div>\n<\/div>\n\n\n\n<div class=\"wp-block-column is-vertically-aligned-top has-white-background-color has-background is-layout-flow wp-block-column-is-layout-flow\">\n<figure class=\"wp-block-image aligncenter size-full\"><img loading=\"lazy\" decoding=\"async\" width=\"200\" height=\"190\" src=\"https:\/\/charlotteledent.com\/wp-content\/uploads\/2015\/03\/motif-entier-petit.png\" alt=\"\" class=\"wp-image-93\"\/><\/figure>\n\n\n\n<h4 class=\"wp-block-heading has-text-align-center\">Press<\/h4>\n\n\n\n<p class=\"has-text-align-center\">under construction<\/p>\n\n\n\n<div class=\"wp-block-buttons is-content-justification-center is-layout-flex wp-container-core-buttons-is-layout-a89b3969 wp-block-buttons-is-layout-flex\">\n<div class=\"wp-block-button is-style-fill\"><a class=\"wp-block-button__link has-white-color has-palette-color-9-background-color has-text-color has-background has-link-color wp-element-button\" style=\"border-radius:40px\">Learn more<\/a><\/div>\n<\/div>\n<\/div>\n<\/div>\n\n\n\n<div style=\"height:100px\" aria-hidden=\"true\" class=\"wp-block-spacer\"><\/div>\n\n\n\n<article class=\"wp-block-cover alignfull is-light\"><img loading=\"lazy\" decoding=\"async\" width=\"1024\" height=\"576\" class=\"wp-block-cover__image-background wp-image-78 size-large\" alt=\"\" src=\"https:\/\/charlotteledent.com\/wp-content\/uploads\/2015\/03\/Image-Site-1024x576.jpg\" data-object-fit=\"cover\" srcset=\"https:\/\/charlotteledent.com\/wp-content\/uploads\/2015\/03\/Image-Site-1024x576.jpg 1024w, https:\/\/charlotteledent.com\/wp-content\/uploads\/2015\/03\/Image-Site-300x169.jpg 300w, https:\/\/charlotteledent.com\/wp-content\/uploads\/2015\/03\/Image-Site-768x432.jpg 768w, https:\/\/charlotteledent.com\/wp-content\/uploads\/2015\/03\/Image-Site-700x394.jpg 700w, https:\/\/charlotteledent.com\/wp-content\/uploads\/2015\/03\/Image-Site-539x303.jpg 539w, https:\/\/charlotteledent.com\/wp-content\/uploads\/2015\/03\/Image-Site.jpg 1920w\" sizes=\"auto, (max-width: 1024px) 100vw, 1024px\" \/><span aria-hidden=\"true\" class=\"wp-block-cover__background has-white-background-color has-background-dim-0 has-background-dim\"><\/span><div class=\"wp-block-cover__inner-container is-layout-constrained wp-block-cover-is-layout-constrained\">\n<h4 class=\"wp-block-heading alignwide\" style=\"border-style:none;border-width:0px;margin-top:0;margin-right:0;margin-bottom:0;margin-left:0;padding-top:0;padding-bottom:0;padding-left:0\"><em>\u201cL\u2019important n\u2019est pas ce qu\u2019on a fait de moi,<\/em><br><em>Mais ce que je fais de ce qu\u2019on a fait de moi.\u201d<\/em><\/h4>\n\n\n\n<div style=\"height:30px\" aria-hidden=\"true\" class=\"wp-block-spacer\"><\/div>\n\n\n\n<p>Jean Paul Sartre<\/p>\n<\/div><\/article>\n\n\n\n<div style=\"height:60px\" aria-hidden=\"true\" class=\"wp-block-spacer\"><\/div>","protected":false},"excerpt":{"rendered":"<p>QUI SUIS-JE J\u2019ai tr\u00e8s t\u00f4t \u00e9t\u00e9 int\u00e9ress\u00e9e par la psychologie, par l\u2019humain et sa complexit\u00e9. C\u2019est ce qui m\u2019a fait m\u2019orienter, au d\u00e9part, vers des \u00e9tudes d\u2019assistante sociale. C\u2019est avec ce bagage que j\u2019ai travaill\u00e9 dans le domaine de la psychiatrie et \u00e9galement au sein d\u2019un service d\u2019aide aux victimes. Ces ann\u00e9es ont \u00e9t\u00e9 tr\u00e8s [&hellip;]<\/p>\n","protected":false},"author":2,"featured_media":0,"parent":0,"menu_order":0,"comment_status":"closed","ping_status":"closed","template":"","meta":{"footnotes":""},"class_list":["post-391","page","type-page","status-publish","hentry"],"blocksy_meta":{"has_hero_section":"disabled","styles_descriptor":{"styles":{"desktop":"","tablet":"","mobile":""},"google_fonts":[],"version":6},"page_structure_type":"default"},"yoast_head":"<!-- This site is optimized with the Yoast SEO plugin v27.5 - https:\/\/yoast.com\/product\/yoast-seo-wordpress\/ -->\n<title>Page d&#039;accueil - Charlotte Ledent<\/title>\n<meta name=\"robots\" content=\"index, follow, max-snippet:-1, max-image-preview:large, max-video-preview:-1\" \/>\n<link rel=\"canonical\" href=\"https:\/\/charlotteledent.com\/en\/\" \/>\n<meta property=\"og:locale\" content=\"en_US\" \/>\n<meta property=\"og:type\" content=\"article\" \/>\n<meta property=\"og:title\" content=\"Page d&#039;accueil - Charlotte Ledent\" \/>\n<meta property=\"og:description\" content=\"QUI SUIS-JE J\u2019ai tr\u00e8s t\u00f4t \u00e9t\u00e9 int\u00e9ress\u00e9e par la psychologie, par l\u2019humain et sa complexit\u00e9. C\u2019est ce qui m\u2019a fait m\u2019orienter, au d\u00e9part, vers des \u00e9tudes d\u2019assistante sociale. C\u2019est avec ce bagage que j\u2019ai travaill\u00e9 dans le domaine de la psychiatrie et \u00e9galement au sein d\u2019un service d\u2019aide aux victimes. Ces ann\u00e9es ont \u00e9t\u00e9 tr\u00e8s [&hellip;]\" \/>\n<meta property=\"og:url\" content=\"https:\/\/charlotteledent.com\/en\/\" \/>\n<meta property=\"og:site_name\" content=\"Charlotte Ledent\" \/>\n<meta property=\"article:modified_time\" content=\"2025-11-01T10:25:02+00:00\" \/>\n<meta property=\"og:image\" content=\"https:\/\/charlotteledent.com\/wp-content\/uploads\/2015\/03\/charlotte-ledent-psychotherapeute-sexologue.jpg\" \/>\n\t<meta property=\"og:image:width\" content=\"325\" \/>\n\t<meta property=\"og:image:height\" content=\"325\" \/>\n\t<meta property=\"og:image:type\" content=\"image\/jpeg\" \/>\n<meta name=\"twitter:card\" content=\"summary_large_image\" \/>\n<meta name=\"twitter:label1\" content=\"Est. reading time\" \/>\n\t<meta name=\"twitter:data1\" content=\"3 minutes\" \/>\n<script type=\"application\/ld+json\" class=\"yoast-schema-graph\">{\"@context\":\"https:\\\/\\\/schema.org\",\"@graph\":[{\"@type\":\"WebPage\",\"@id\":\"https:\\\/\\\/charlotteledent.com\\\/\",\"url\":\"https:\\\/\\\/charlotteledent.com\\\/\",\"name\":\"Page d'accueil - Charlotte Ledent\",\"isPartOf\":{\"@id\":\"https:\\\/\\\/charlotteledent.com\\\/#website\"},\"primaryImageOfPage\":{\"@id\":\"https:\\\/\\\/charlotteledent.com\\\/#primaryimage\"},\"image\":{\"@id\":\"https:\\\/\\\/charlotteledent.com\\\/#primaryimage\"},\"thumbnailUrl\":\"https:\\\/\\\/charlotteledent.com\\\/wp-content\\\/uploads\\\/2015\\\/03\\\/charlotte-ledent-psychotherapeute-sexologue.jpg\",\"datePublished\":\"2025-08-10T11:57:52+00:00\",\"dateModified\":\"2025-11-01T10:25:02+00:00\",\"breadcrumb\":{\"@id\":\"https:\\\/\\\/charlotteledent.com\\\/#breadcrumb\"},\"inLanguage\":\"en-US\",\"potentialAction\":[{\"@type\":\"ReadAction\",\"target\":[\"https:\\\/\\\/charlotteledent.com\\\/\"]}]},{\"@type\":\"ImageObject\",\"inLanguage\":\"en-US\",\"@id\":\"https:\\\/\\\/charlotteledent.com\\\/#primaryimage\",\"url\":\"https:\\\/\\\/charlotteledent.com\\\/wp-content\\\/uploads\\\/2015\\\/03\\\/charlotte-ledent-psychotherapeute-sexologue.jpg\",\"contentUrl\":\"https:\\\/\\\/charlotteledent.com\\\/wp-content\\\/uploads\\\/2015\\\/03\\\/charlotte-ledent-psychotherapeute-sexologue.jpg\"},{\"@type\":\"BreadcrumbList\",\"@id\":\"https:\\\/\\\/charlotteledent.com\\\/#breadcrumb\",\"itemListElement\":[{\"@type\":\"ListItem\",\"position\":1,\"name\":\"Accueil\",\"item\":\"https:\\\/\\\/charlotteledent.com\\\/\"},{\"@type\":\"ListItem\",\"position\":2,\"name\":\"Page d&rsquo;accueil\"}]},{\"@type\":\"WebSite\",\"@id\":\"https:\\\/\\\/charlotteledent.com\\\/#website\",\"url\":\"https:\\\/\\\/charlotteledent.com\\\/\",\"name\":\"Charlotte Ledent\",\"description\":\"\",\"publisher\":{\"@id\":\"https:\\\/\\\/charlotteledent.com\\\/#\\\/schema\\\/person\\\/ae7f292530fd9aa0ebb45366d2ada03a\"},\"potentialAction\":[{\"@type\":\"SearchAction\",\"target\":{\"@type\":\"EntryPoint\",\"urlTemplate\":\"https:\\\/\\\/charlotteledent.com\\\/?s={search_term_string}\"},\"query-input\":{\"@type\":\"PropertyValueSpecification\",\"valueRequired\":true,\"valueName\":\"search_term_string\"}}],\"inLanguage\":\"en-US\"},{\"@type\":[\"Person\",\"Organization\"],\"@id\":\"https:\\\/\\\/charlotteledent.com\\\/#\\\/schema\\\/person\\\/ae7f292530fd9aa0ebb45366d2ada03a\",\"name\":\"Charlotte\",\"image\":{\"@type\":\"ImageObject\",\"inLanguage\":\"en-US\",\"@id\":\"https:\\\/\\\/charlotteledent.com\\\/wp-content\\\/uploads\\\/2015\\\/03\\\/fond-site-charlotte-ledent.jpg\",\"url\":\"https:\\\/\\\/charlotteledent.com\\\/wp-content\\\/uploads\\\/2015\\\/03\\\/fond-site-charlotte-ledent.jpg\",\"contentUrl\":\"https:\\\/\\\/charlotteledent.com\\\/wp-content\\\/uploads\\\/2015\\\/03\\\/fond-site-charlotte-ledent.jpg\",\"width\":1900,\"height\":500,\"caption\":\"Charlotte\"},\"logo\":{\"@id\":\"https:\\\/\\\/charlotteledent.com\\\/wp-content\\\/uploads\\\/2015\\\/03\\\/fond-site-charlotte-ledent.jpg\"},\"sameAs\":[\"https:\\\/\\\/charlotteledent.com\"]}]}<\/script>\n<!-- \/ Yoast SEO plugin. -->","yoast_head_json":{"title":"Page d'accueil - Charlotte Ledent","robots":{"index":"index","follow":"follow","max-snippet":"max-snippet:-1","max-image-preview":"max-image-preview:large","max-video-preview":"max-video-preview:-1"},"canonical":"https:\/\/charlotteledent.com\/en\/","og_locale":"en_US","og_type":"article","og_title":"Page d'accueil - Charlotte Ledent","og_description":"QUI SUIS-JE J\u2019ai tr\u00e8s t\u00f4t \u00e9t\u00e9 int\u00e9ress\u00e9e par la psychologie, par l\u2019humain et sa complexit\u00e9. C\u2019est ce qui m\u2019a fait m\u2019orienter, au d\u00e9part, vers des \u00e9tudes d\u2019assistante sociale. C\u2019est avec ce bagage que j\u2019ai travaill\u00e9 dans le domaine de la psychiatrie et \u00e9galement au sein d\u2019un service d\u2019aide aux victimes. Ces ann\u00e9es ont \u00e9t\u00e9 tr\u00e8s [&hellip;]","og_url":"https:\/\/charlotteledent.com\/en\/","og_site_name":"Charlotte Ledent","article_modified_time":"2025-11-01T10:25:02+00:00","og_image":[{"width":325,"height":325,"url":"https:\/\/charlotteledent.com\/wp-content\/uploads\/2015\/03\/charlotte-ledent-psychotherapeute-sexologue.jpg","type":"image\/jpeg"}],"twitter_card":"summary_large_image","twitter_misc":{"Est. reading time":"3 minutes"},"schema":{"@context":"https:\/\/schema.org","@graph":[{"@type":"WebPage","@id":"https:\/\/charlotteledent.com\/","url":"https:\/\/charlotteledent.com\/","name":"Page d'accueil - Charlotte Ledent","isPartOf":{"@id":"https:\/\/charlotteledent.com\/#website"},"primaryImageOfPage":{"@id":"https:\/\/charlotteledent.com\/#primaryimage"},"image":{"@id":"https:\/\/charlotteledent.com\/#primaryimage"},"thumbnailUrl":"https:\/\/charlotteledent.com\/wp-content\/uploads\/2015\/03\/charlotte-ledent-psychotherapeute-sexologue.jpg","datePublished":"2025-08-10T11:57:52+00:00","dateModified":"2025-11-01T10:25:02+00:00","breadcrumb":{"@id":"https:\/\/charlotteledent.com\/#breadcrumb"},"inLanguage":"en-US","potentialAction":[{"@type":"ReadAction","target":["https:\/\/charlotteledent.com\/"]}]},{"@type":"ImageObject","inLanguage":"en-US","@id":"https:\/\/charlotteledent.com\/#primaryimage","url":"https:\/\/charlotteledent.com\/wp-content\/uploads\/2015\/03\/charlotte-ledent-psychotherapeute-sexologue.jpg","contentUrl":"https:\/\/charlotteledent.com\/wp-content\/uploads\/2015\/03\/charlotte-ledent-psychotherapeute-sexologue.jpg"},{"@type":"BreadcrumbList","@id":"https:\/\/charlotteledent.com\/#breadcrumb","itemListElement":[{"@type":"ListItem","position":1,"name":"Accueil","item":"https:\/\/charlotteledent.com\/"},{"@type":"ListItem","position":2,"name":"Page d&rsquo;accueil"}]},{"@type":"WebSite","@id":"https:\/\/charlotteledent.com\/#website","url":"https:\/\/charlotteledent.com\/","name":"Charlotte Ledent","description":"","publisher":{"@id":"https:\/\/charlotteledent.com\/#\/schema\/person\/ae7f292530fd9aa0ebb45366d2ada03a"},"potentialAction":[{"@type":"SearchAction","target":{"@type":"EntryPoint","urlTemplate":"https:\/\/charlotteledent.com\/?s={search_term_string}"},"query-input":{"@type":"PropertyValueSpecification","valueRequired":true,"valueName":"search_term_string"}}],"inLanguage":"en-US"},{"@type":["Person","Organization"],"@id":"https:\/\/charlotteledent.com\/#\/schema\/person\/ae7f292530fd9aa0ebb45366d2ada03a","name":"Charlotte","image":{"@type":"ImageObject","inLanguage":"en-US","@id":"https:\/\/charlotteledent.com\/wp-content\/uploads\/2015\/03\/fond-site-charlotte-ledent.jpg","url":"https:\/\/charlotteledent.com\/wp-content\/uploads\/2015\/03\/fond-site-charlotte-ledent.jpg","contentUrl":"https:\/\/charlotteledent.com\/wp-content\/uploads\/2015\/03\/fond-site-charlotte-ledent.jpg","width":1900,"height":500,"caption":"Charlotte"},"logo":{"@id":"https:\/\/charlotteledent.com\/wp-content\/uploads\/2015\/03\/fond-site-charlotte-ledent.jpg"},"sameAs":["https:\/\/charlotteledent.com"]}]}},"_links":{"self":[{"href":"https:\/\/charlotteledent.com\/en\/wp-json\/wp\/v2\/pages\/391","targetHints":{"allow":["GET"]}}],"collection":[{"href":"https:\/\/charlotteledent.com\/en\/wp-json\/wp\/v2\/pages"}],"about":[{"href":"https:\/\/charlotteledent.com\/en\/wp-json\/wp\/v2\/types\/page"}],"author":[{"embeddable":true,"href":"https:\/\/charlotteledent.com\/en\/wp-json\/wp\/v2\/users\/2"}],"replies":[{"embeddable":true,"href":"https:\/\/charlotteledent.com\/en\/wp-json\/wp\/v2\/comments?post=391"}],"version-history":[{"count":46,"href":"https:\/\/charlotteledent.com\/en\/wp-json\/wp\/v2\/pages\/391\/revisions"}],"predecessor-version":[{"id":631,"href":"https:\/\/charlotteledent.com\/en\/wp-json\/wp\/v2\/pages\/391\/revisions\/631"}],"wp:attachment":[{"href":"https:\/\/charlotteledent.com\/en\/wp-json\/wp\/v2\/media?parent=391"}],"curies":[{"name":"wp","href":"https:\/\/api.w.org\/{rel}","templated":true}]}}